{"id":409,"date":"2025-05-30T13:47:18","date_gmt":"2025-05-30T10:47:18","guid":{"rendered":"https:\/\/takose.lt\/paslaugos\/imoniu-steigimas-copy\/"},"modified":"2025-07-03T22:13:30","modified_gmt":"2025-07-03T19:13:30","slug":"auditas","status":"publish","type":"page","link":"https:\/\/takose.lt\/ru\/paslaugos\/auditas\/","title":{"rendered":"Auditas"},"content":{"rendered":"<h1 style=\"text-align: left;\">Auditas ir pasiruo\u0161imas patikroms<\/h1>\n<hr \/>\n<h3>Norint priimti pagr\u012fstus verslo sprendimus bei u\u017etikrinti skaidrum\u0105 su partneriais ir valstybin\u0117mis institucijomis \u2013 b\u016btina objektyvi ir patikima informacija apie \u012fmon\u0117s finansin\u0119 b\u016bkl\u0119. M\u016bs\u0173 audito paslaugos padeda tai pasiekti.<\/h3>\n<h3>Atliekame i\u0161sami\u0105 finansini\u0173 dokument\u0173 analiz\u0119 ir padedame pasiruo\u0161ti tiek vidiniam, tiek i\u0161oriniam auditui, \u012fskaitant patikras i\u0161 VMI, Sodros, Registr\u0173 centro ar kit\u0173 institucij\u0173.<\/h3>\n<h4 data-start=\"607\" data-end=\"632\"><strong data-start=\"612\" data-end=\"632\">Paslaugos apima:<\/strong><\/h4>\n<ul style=\"list-style-type: circle;\" data-start=\"633\" data-end=\"973\">\n<li data-start=\"633\" data-end=\"681\">\n<p data-start=\"635\" data-end=\"681\">Finansini\u0173 ataskait\u0173 patikrinim\u0105 ir \u012fvertinim\u0105<\/p>\n<\/li>\n<li data-start=\"682\" data-end=\"737\">\n<p data-start=\"684\" data-end=\"737\">Apskaitos dokument\u0173 analiz\u0119 bei neatitikim\u0173 nustatym\u0105<\/p>\n<\/li>\n<li data-start=\"738\" data-end=\"785\">\n<p data-start=\"740\" data-end=\"785\">Rekomendacijas d\u0117l apskaitos kokyb\u0117s gerinimo<\/p>\n<\/li>\n<li data-start=\"786\" data-end=\"854\">\n<p data-start=\"788\" data-end=\"854\">Pagalb\u0105 rengiant ai\u0161kinamuosius ra\u0161tus bei kitus audito dokumentus<\/p>\n<\/li>\n<li data-start=\"855\" data-end=\"901\">\n<p data-start=\"857\" data-end=\"901\">Atstovavim\u0105 klientui audito ar patikros metu<\/p>\n<\/li>\n<li data-start=\"902\" data-end=\"973\">\n<p data-start=\"904\" data-end=\"973\">Rizik\u0173 ir tr\u016bkum\u0173 nustatym\u0105 siekiant u\u017etikrinti teis\u0117s akt\u0173 laikym\u0105si<\/p>\n<\/li>\n<\/ul>\n<p data-start=\"975\" data-end=\"1089\">Atliekame tiek vienkartinius auditus, tiek periodinius patikrinimus, pagal kliento poreik\u012f ar reikalavimus.<\/p>\n<p data-start=\"1091\" data-end=\"1232\">Dirbame diskreti\u0161kai, profesionaliai ir objektyviai \u2013 m\u016bs\u0173 tikslas ne bausti, o pad\u0117ti j\u016bs\u0173 verslui veikti tvariai, skaidriai ir u\u017etikrintai.<\/p>\n<h3 style=\"text-align: right;\"><a href=\"https:\/\/takose.lt\/kontaktai\/\"><button>Susisiekime<\/button><\/a><\/h3>\n","protected":false},"excerpt":{"rendered":"<p>Auditas ir pasiruo\u0161imas patikroms Norint priimti pagr\u012fstus verslo sprendimus bei u\u017etikrinti skaidrum\u0105 su partneriais ir valstybin\u0117mis institucijomis \u2013 b\u016btina objektyvi ir patikima informacija apie \u012fmon\u0117s finansin\u0119 b\u016bkl\u0119. M\u016bs\u0173 audito paslaugos padeda tai pasiekti. Atliekame i\u0161sami\u0105 finansini\u0173 dokument\u0173 analiz\u0119 ir padedame pasiruo\u0161ti tiek vidiniam, tiek i\u0161oriniam auditui, \u012fskaitant patikras i\u0161 VMI, Sodros, Registr\u0173 centro ar kit\u0173 &hellip; <\/p>\n<p class=\"link-more\"><a href=\"https:\/\/takose.lt\/ru\/paslaugos\/auditas\/\" class=\"more-link\">\u0427\u0438\u0442\u0430\u0442\u044c \u0434\u0430\u043b\u0435\u0435<span class=\"screen-reader-text\"> \u00abAuditas\u00bb<\/span><\/a><\/p>\n","protected":false},"author":1,"featured_media":0,"parent":29,"menu_order":0,"comment_status":"closed","ping_status":"closed","template":"","meta":[],"aioseo_notices":[],"_links":{"self":[{"href":"https:\/\/takose.lt\/ru\/wp-json\/wp\/v2\/pages\/409"}],"collection":[{"href":"https:\/\/takose.lt\/ru\/wp-json\/wp\/v2\/pages"}],"about":[{"href":"https:\/\/takose.lt\/ru\/wp-json\/wp\/v2\/types\/page"}],"author":[{"embeddable":true,"href":"https:\/\/takose.lt\/ru\/wp-json\/wp\/v2\/users\/1"}],"replies":[{"embeddable":true,"href":"https:\/\/takose.lt\/ru\/wp-json\/wp\/v2\/comments?post=409"}],"version-history":[{"count":3,"href":"https:\/\/takose.lt\/ru\/wp-json\/wp\/v2\/pages\/409\/revisions"}],"predecessor-version":[{"id":449,"href":"https:\/\/takose.lt\/ru\/wp-json\/wp\/v2\/pages\/409\/revisions\/449"}],"up":[{"embeddable":true,"href":"https:\/\/takose.lt\/ru\/wp-json\/wp\/v2\/pages\/29"}],"wp:attachment":[{"href":"https:\/\/takose.lt\/ru\/wp-json\/wp\/v2\/media?parent=409"}],"curies":[{"name":"wp","href":"https:\/\/api.w.org\/{rel}","templated":true}]}}