{"id":326,"date":"2025-05-14T22:23:47","date_gmt":"2025-05-14T19:23:47","guid":{"rendered":"https:\/\/takose.lt\/komanda-copy\/"},"modified":"2025-07-03T13:52:12","modified_gmt":"2025-07-03T10:52:12","slug":"komanda","status":"publish","type":"page","link":"https:\/\/takose.lt\/ru\/komanda\/","title":{"rendered":"Komanda"},"content":{"rendered":"<blockquote><p>&nbsp;<\/p>\n<p><img loading=\"lazy\" class=\"wp-image-320 size-medium alignleft\" src=\"https:\/\/takose.lt\/wp-content\/uploads\/2025\/05\/DSC01341-200x300.jpg\" alt=\"\" width=\"200\" height=\"300\" srcset=\"https:\/\/takose.lt\/wp-content\/uploads\/2025\/05\/DSC01341-200x300.jpg 200w, https:\/\/takose.lt\/wp-content\/uploads\/2025\/05\/DSC01341-683x1024.jpg 683w, https:\/\/takose.lt\/wp-content\/uploads\/2025\/05\/DSC01341-768x1152.jpg 768w, https:\/\/takose.lt\/wp-content\/uploads\/2025\/05\/DSC01341-1024x1536.jpg 1024w, https:\/\/takose.lt\/wp-content\/uploads\/2025\/05\/DSC01341-1365x2048.jpg 1365w, https:\/\/takose.lt\/wp-content\/uploads\/2025\/05\/DSC01341-scaled.jpg 1707w\" sizes=\"(max-width: 200px) 100vw, 200px\" \/><\/p>\n<p>Ieva Bakait\u0117<br \/>\nVyr. Buhalter\u0117<br \/>\n+370 669 10 001<br \/>\ninfo@takose.lt<br \/>\nLT, EN, RU<\/p><\/blockquote>\n<p>&nbsp;<\/p>\n<blockquote><p>&nbsp;<\/p>\n<p><img loading=\"lazy\" class=\"wp-image-352 size-medium alignright\" src=\"https:\/\/takose.lt\/wp-content\/uploads\/2025\/05\/GK4A2773-1-200x300.jpg\" alt=\"\" width=\"200\" height=\"300\" srcset=\"https:\/\/takose.lt\/wp-content\/uploads\/2025\/05\/GK4A2773-1-200x300.jpg 200w, https:\/\/takose.lt\/wp-content\/uploads\/2025\/05\/GK4A2773-1-683x1024.jpg 683w, https:\/\/takose.lt\/wp-content\/uploads\/2025\/05\/GK4A2773-1-768x1152.jpg 768w, https:\/\/takose.lt\/wp-content\/uploads\/2025\/05\/GK4A2773-1-1024x1536.jpg 1024w, https:\/\/takose.lt\/wp-content\/uploads\/2025\/05\/GK4A2773-1-1365x2048.jpg 1365w, https:\/\/takose.lt\/wp-content\/uploads\/2025\/05\/GK4A2773-1-scaled.jpg 1707w\" sizes=\"(max-width: 200px) 100vw, 200px\" \/><\/p>\n<p style=\"text-align: right;\">Dovil\u0117 Rincevi\u010dien\u0117<br \/>\nVyr. Buhalter\u0117<br \/>\n<span class=\"TextRun BCX0 SCXO149073511\" lang=\"EN-US\" xml:lang=\"EN-US\" data-contrast=\"auto\"><span class=\"NormalTextRun BCX0 SCXO149073511\">+370 616 16 797<\/span><\/span><br \/>\ndovile@takose.lt<br \/>\nLT, EN, RU<\/p>\n<\/blockquote>\n<p>&nbsp;<\/p>\n<blockquote><p>&nbsp;<\/p>\n<p><img loading=\"lazy\" class=\"wp-image-350 size-medium alignleft\" src=\"https:\/\/takose.lt\/wp-content\/uploads\/2025\/05\/GK4A2967-200x300.jpg\" alt=\"\" width=\"200\" height=\"300\" srcset=\"https:\/\/takose.lt\/wp-content\/uploads\/2025\/05\/GK4A2967-200x300.jpg 200w, https:\/\/takose.lt\/wp-content\/uploads\/2025\/05\/GK4A2967-683x1024.jpg 683w, https:\/\/takose.lt\/wp-content\/uploads\/2025\/05\/GK4A2967-768x1152.jpg 768w, https:\/\/takose.lt\/wp-content\/uploads\/2025\/05\/GK4A2967-1024x1536.jpg 1024w, https:\/\/takose.lt\/wp-content\/uploads\/2025\/05\/GK4A2967-1365x2048.jpg 1365w, https:\/\/takose.lt\/wp-content\/uploads\/2025\/05\/GK4A2967-scaled.jpg 1707w\" sizes=\"(max-width: 200px) 100vw, 200px\" \/><\/p>\n<p>R\u016bta Einoryt\u0117-Tsolakidi<br \/>\nBuhalter\u0117<br \/>\n+370 671 69 227<br \/>\nruta@takose.lt<br \/>\nLT, EN<\/p><\/blockquote>\n<p>&nbsp;<\/p>\n<blockquote><p>&nbsp;<\/p>\n<p><img loading=\"lazy\" class=\"size-medium wp-image-404 alignright\" src=\"https:\/\/takose.lt\/wp-content\/uploads\/2025\/05\/Domantas-200x300.jpg\" alt=\"\" width=\"200\" height=\"300\" srcset=\"https:\/\/takose.lt\/wp-content\/uploads\/2025\/05\/Domantas-200x300.jpg 200w, https:\/\/takose.lt\/wp-content\/uploads\/2025\/05\/Domantas-683x1024.jpg 683w, https:\/\/takose.lt\/wp-content\/uploads\/2025\/05\/Domantas-768x1152.jpg 768w, https:\/\/takose.lt\/wp-content\/uploads\/2025\/05\/Domantas-1024x1536.jpg 1024w, https:\/\/takose.lt\/wp-content\/uploads\/2025\/05\/Domantas-1365x2048.jpg 1365w, https:\/\/takose.lt\/wp-content\/uploads\/2025\/05\/Domantas-scaled.jpg 1707w\" sizes=\"(max-width: 200px) 100vw, 200px\" \/><\/p>\n<p style=\"text-align: right;\">Domantas Vai\u010dekonis<br \/>\nAuditorius<br \/>\n+370 692 31 825<br \/>\ninfo@takose.lt<br \/>\nLT, EN, RU<\/p>\n<\/blockquote>\n<p>&nbsp;<\/p>\n<h3 style=\"text-align: right;\"><a href=\"https:\/\/takose.lt\/apie-mus\/\"><button>Pla\u010diau apie mus<\/button><\/a><\/h3>\n","protected":false},"excerpt":{"rendered":"<p>&nbsp; Ieva Bakait\u0117 Vyr. Buhalter\u0117 +370 669 10 001 info@takose.lt LT, EN, RU &nbsp; &nbsp; Dovil\u0117 Rincevi\u010dien\u0117 Vyr. Buhalter\u0117 +370 616 16 797 dovile@takose.lt LT, EN, RU &nbsp; &nbsp; R\u016bta Einoryt\u0117-Tsolakidi Buhalter\u0117 +370 671 69 227 ruta@takose.lt LT, EN &nbsp; &nbsp; Domantas Vai\u010dekonis Auditorius +370 692 31 825 info@takose.lt LT, EN, RU &nbsp; Pla\u010diau apie &hellip; <\/p>\n<p class=\"link-more\"><a href=\"https:\/\/takose.lt\/ru\/komanda\/\" class=\"more-link\">\u0427\u0438\u0442\u0430\u0442\u044c \u0434\u0430\u043b\u0435\u0435<span class=\"screen-reader-text\"> \u00abKomanda\u00bb<\/span><\/a><\/p>\n","protected":false},"author":1,"featured_media":0,"parent":0,"menu_order":0,"comment_status":"closed","ping_status":"closed","template":"","meta":[],"aioseo_notices":[],"_links":{"self":[{"href":"https:\/\/takose.lt\/ru\/wp-json\/wp\/v2\/pages\/326"}],"collection":[{"href":"https:\/\/takose.lt\/ru\/wp-json\/wp\/v2\/pages"}],"about":[{"href":"https:\/\/takose.lt\/ru\/wp-json\/wp\/v2\/types\/page"}],"author":[{"embeddable":true,"href":"https:\/\/takose.lt\/ru\/wp-json\/wp\/v2\/users\/1"}],"replies":[{"embeddable":true,"href":"https:\/\/takose.lt\/ru\/wp-json\/wp\/v2\/comments?post=326"}],"version-history":[{"count":17,"href":"https:\/\/takose.lt\/ru\/wp-json\/wp\/v2\/pages\/326\/revisions"}],"predecessor-version":[{"id":442,"href":"https:\/\/takose.lt\/ru\/wp-json\/wp\/v2\/pages\/326\/revisions\/442"}],"wp:attachment":[{"href":"https:\/\/takose.lt\/ru\/wp-json\/wp\/v2\/media?parent=326"}],"curies":[{"name":"wp","href":"https:\/\/api.w.org\/{rel}","templated":true}]}}