{"id":263,"date":"2020-11-03T15:37:46","date_gmt":"2020-11-03T13:37:46","guid":{"rendered":"https:\/\/takose.lt\/paslaugos\/buhalterio-nuoma-copy\/"},"modified":"2025-07-03T22:13:59","modified_gmt":"2025-07-03T19:13:59","slug":"finansu-valdymo-konsultacijos","status":"publish","type":"page","link":"https:\/\/takose.lt\/ru\/paslaugos\/finansu-valdymo-konsultacijos\/","title":{"rendered":"Finans\u0173 valdymo konsultacijos"},"content":{"rendered":"<h2>Profesionalios konsultacijos j\u016bs\u0173 verslui<\/h2>\n<hr \/>\n<h3>M\u016bs\u0173 tikslas \u2013 ne tik tvarkinga buhalterija, bet ir augantis, stabilus bei strategi\u0161kai stiprus j\u016bs\u0173 verslas. Tod\u0117l visiems savo klientams teikiame nemokamas konsultacijas buhalterin\u0117s apskaitos, mokes\u010di\u0173, finans\u0173 valdymo ir veiklos optimizavimo klausimais.<\/h3>\n<h3>Tur\u0117dami \u012fvairiapus\u0119 patirt\u012f dirbant su skirting\u0173 sektori\u0173 \u012fmon\u0117mis, galime greitai \u012fsigilinti \u012f konkre\u010dias situacijas ir pateikti konstruktyvius, veiksmingus sprendimus.<\/h3>\n<p>&nbsp;<\/p>\n<ul style=\"list-style-type: circle;\">\n<li data-start=\"771\" data-end=\"892\">\n<p data-start=\"773\" data-end=\"892\"><strong data-start=\"776\" data-end=\"792\">Visada \u0161alia<\/strong> \u2013 mielai atsakome \u012f visus jums r\u016bpimus klausimus tiek kasdieniais, tiek sud\u0117tingesniais klausimais.<\/p>\n<\/li>\n<li data-start=\"893\" data-end=\"1022\">\n<p data-start=\"895\" data-end=\"1022\"><strong data-start=\"898\" data-end=\"927\">Lankstus bendravimo b\u016bdas<\/strong> \u2013 konsultacijas teikiame jums patogiausiu b\u016bdu: nuotoliniu b\u016bdu, m\u016bs\u0173 biure arba j\u016bs\u0173 \u012fmon\u0117je.<\/p>\n<\/li>\n<li data-start=\"1023\" data-end=\"1164\">\n<p data-start=\"1025\" data-end=\"1164\"><strong data-start=\"1028\" data-end=\"1052\">Fokusas \u012f efektyvum\u0105<\/strong> \u2013 padedame rasti optimaliausius sprendimus, atsi\u017evelgiant \u012f j\u016bs\u0173 verslo dyd\u012f, strukt\u016br\u0105 ir ilgalaikius tikslus.<\/p>\n<\/li>\n<li data-start=\"1165\" data-end=\"1350\">\n<p data-start=\"1167\" data-end=\"1350\"><strong data-start=\"1170\" data-end=\"1200\">Nuolat tobul\u0117janti komanda<\/strong> \u2013 m\u016bs\u0173 specialistai reguliariai gilina \u017einias, tod\u0117l galime pasi\u016blyti \u0161iuolaiki\u0161kus, teis\u0117s aktus atitinkan\u010dius ir prakti\u0161kai pritaikomus sprendimus.<\/p>\n<\/li>\n<li data-start=\"1351\" data-end=\"1513\">\n<p data-start=\"1353\" data-end=\"1513\"><strong data-start=\"1356\" data-end=\"1393\">Partneryst\u0117, paremta pasitik\u0117jimu<\/strong> \u2013 nuo\u0161ird\u017eiai r\u016bpinam\u0117s kiekvienu klientu ir siekiame ilgalaiki\u0173 santyki\u0173, paremt\u0173 pagarba, skaidrumu ir abipuse nauda.<\/p>\n<\/li>\n<\/ul>\n<p>&nbsp;<\/p>\n<p>Nesvarbu, ar turite konkret\u0173 klausim\u0105, ar ie\u0161kote platesnio po\u017ei\u016brio \u012f verslo finansus \u2013 m\u016bs\u0173 komanda visada pasiruo\u0161usi pad\u0117ti.<\/p>\n<h3 style=\"text-align: right;\"><a href=\"https:\/\/takose.lt\/kontaktai\/\"><button>Susisiekime<\/button><\/a><\/h3>\n","protected":false},"excerpt":{"rendered":"<p>Profesionalios konsultacijos j\u016bs\u0173 verslui M\u016bs\u0173 tikslas \u2013 ne tik tvarkinga buhalterija, bet ir augantis, stabilus bei strategi\u0161kai stiprus j\u016bs\u0173 verslas. Tod\u0117l visiems savo klientams teikiame nemokamas konsultacijas buhalterin\u0117s apskaitos, mokes\u010di\u0173, finans\u0173 valdymo ir veiklos optimizavimo klausimais. Tur\u0117dami \u012fvairiapus\u0119 patirt\u012f dirbant su skirting\u0173 sektori\u0173 \u012fmon\u0117mis, galime greitai \u012fsigilinti \u012f konkre\u010dias situacijas ir pateikti konstruktyvius, veiksmingus sprendimus. &hellip; <\/p>\n<p class=\"link-more\"><a href=\"https:\/\/takose.lt\/ru\/paslaugos\/finansu-valdymo-konsultacijos\/\" class=\"more-link\">\u0427\u0438\u0442\u0430\u0442\u044c \u0434\u0430\u043b\u0435\u0435<span class=\"screen-reader-text\"> \u00abFinans\u0173 valdymo konsultacijos\u00bb<\/span><\/a><\/p>\n","protected":false},"author":1,"featured_media":0,"parent":29,"menu_order":0,"comment_status":"closed","ping_status":"closed","template":"","meta":[],"aioseo_notices":[],"_links":{"self":[{"href":"https:\/\/takose.lt\/ru\/wp-json\/wp\/v2\/pages\/263"}],"collection":[{"href":"https:\/\/takose.lt\/ru\/wp-json\/wp\/v2\/pages"}],"about":[{"href":"https:\/\/takose.lt\/ru\/wp-json\/wp\/v2\/types\/page"}],"author":[{"embeddable":true,"href":"https:\/\/takose.lt\/ru\/wp-json\/wp\/v2\/users\/1"}],"replies":[{"embeddable":true,"href":"https:\/\/takose.lt\/ru\/wp-json\/wp\/v2\/comments?post=263"}],"version-history":[{"count":3,"href":"https:\/\/takose.lt\/ru\/wp-json\/wp\/v2\/pages\/263\/revisions"}],"predecessor-version":[{"id":452,"href":"https:\/\/takose.lt\/ru\/wp-json\/wp\/v2\/pages\/263\/revisions\/452"}],"up":[{"embeddable":true,"href":"https:\/\/takose.lt\/ru\/wp-json\/wp\/v2\/pages\/29"}],"wp:attachment":[{"href":"https:\/\/takose.lt\/ru\/wp-json\/wp\/v2\/media?parent=263"}],"curies":[{"name":"wp","href":"https:\/\/api.w.org\/{rel}","templated":true}]}}