{"id":257,"date":"2020-11-03T15:25:13","date_gmt":"2020-11-03T13:25:13","guid":{"rendered":"https:\/\/takose.lt\/paslaugos\/buhalterio-nuoma-copy\/"},"modified":"2025-07-03T22:13:05","modified_gmt":"2025-07-03T19:13:05","slug":"apleistos-buhalterijos-tvarkymas","status":"publish","type":"page","link":"https:\/\/takose.lt\/ru\/paslaugos\/apleistos-buhalterijos-tvarkymas\/","title":{"rendered":"Apleistos buhalterijos tvarkymas"},"content":{"rendered":"<h2>Teikiame tik kokybi\u0161kas apleistos buhalterijos tvarkymo paslaugas<\/h2>\n<hr \/>\n<h3>Netvarkinga, pav\u0117luota ar visai nevedama buhalterin\u0117 apskaita \u2013 da\u017ena problema tiek smulkiose \u012fmon\u0117se, tiek individualioje veikloje. Tokia situacija gali kelti rizik\u0105 ne tik finansiniams sprendimams, bet ir santykiams su valstyb\u0117s institucijomis. M\u016bs\u0173 komanda pad\u0117s jums greitai ir profesionaliai atkurti buhalterin\u0119 apskait\u0105, kad gal\u0117tum\u0117te veikti u\u017etikrintai ir teis\u0117tai.<\/h3>\n<p>&nbsp;<\/p>\n<ul style=\"list-style-type: circle;\" data-start=\"612\" data-end=\"1266\">\n<li data-start=\"612\" data-end=\"694\">\n<p data-start=\"614\" data-end=\"694\">Atsakingai ir tiksliai sutvarkome apleist\u0105 arba netinkamai tvarkyt\u0105 buhalterij\u0105.<\/p>\n<\/li>\n<li data-start=\"695\" data-end=\"793\">\n<p data-start=\"697\" data-end=\"793\">I\u0161taisome ankstesni\u0173 laikotarpi\u0173 klaidas, sutikriname dokumentus ir atstatome apskaitos balans\u0105.<\/p>\n<\/li>\n<li data-start=\"794\" data-end=\"907\">\n<p data-start=\"796\" data-end=\"907\">Parengiame ir pateikiame visas tr\u016bkstamas deklaracijas VMI, \u201eSodrai\u201c, Registr\u0173 centrui ir kitoms institucijoms.<\/p>\n<\/li>\n<li data-start=\"908\" data-end=\"978\">\n<p data-start=\"910\" data-end=\"978\">Paruo\u0161iame metin\u0119 finansin\u0119 ataskait\u0105 ir u\u017edarome finansinius metus.<\/p>\n<\/li>\n<li data-start=\"979\" data-end=\"1062\">\n<p data-start=\"981\" data-end=\"1062\">Jei neturite samdom\u0173 darbuotoj\u0173 \u2013 \u0161i\u0105 paslaug\u0105 suteiksime dar grei\u010diau ir pigiau.<\/p>\n<\/li>\n<li data-start=\"1063\" data-end=\"1135\">\n<p data-start=\"1065\" data-end=\"1135\">N\u0117ra jokio m\u0117nesinio mokes\u010dio \u2013 mokate tik u\u017e realiai atliktus darbus.<\/p>\n<\/li>\n<li data-start=\"1136\" data-end=\"1266\">\n<p data-start=\"1138\" data-end=\"1266\">U\u017etikriname, kad po tvarkymo j\u016bs\u0173 apskaita b\u016bt\u0173 ai\u0161ki, tiksli ir paruo\u0161ta tolimesniam skland\u017eiam buhalterijos vedimui be klaid\u0173.<\/p>\n<\/li>\n<\/ul>\n<p data-start=\"1268\" data-end=\"1545\"><strong data-start=\"1268\" data-end=\"1293\">Kod\u0117l verta kreiptis:<\/strong><br \/>\nPasirinkdami mus, gausite patikim\u0105 partner\u012f, kuris ne tik i\u0161taisys praeities klaidas, bet ir pad\u0117s pasiruo\u0161ti \u0161variai, teis\u0117tai bei strategi\u0161kai stipriai verslo atei\u010diai. Neatid\u0117liokite \u2013 kuo anks\u010diau prad\u0117sime, tuo ma\u017eiau rizik\u0173 ir i\u0161laid\u0173 patirsite.<\/p>\n<h3 style=\"text-align: right;\"><a href=\"https:\/\/takose.lt\/kontaktai\/\"><button>Susisiekime<\/button><\/a><\/h3>\n","protected":false},"excerpt":{"rendered":"<p>Teikiame tik kokybi\u0161kas apleistos buhalterijos tvarkymo paslaugas Netvarkinga, pav\u0117luota ar visai nevedama buhalterin\u0117 apskaita \u2013 da\u017ena problema tiek smulkiose \u012fmon\u0117se, tiek individualioje veikloje. Tokia situacija gali kelti rizik\u0105 ne tik finansiniams sprendimams, bet ir santykiams su valstyb\u0117s institucijomis. M\u016bs\u0173 komanda pad\u0117s jums greitai ir profesionaliai atkurti buhalterin\u0119 apskait\u0105, kad gal\u0117tum\u0117te veikti u\u017etikrintai ir teis\u0117tai. &nbsp; &hellip; <\/p>\n<p class=\"link-more\"><a href=\"https:\/\/takose.lt\/ru\/paslaugos\/apleistos-buhalterijos-tvarkymas\/\" class=\"more-link\">\u0427\u0438\u0442\u0430\u0442\u044c \u0434\u0430\u043b\u0435\u0435<span class=\"screen-reader-text\"> \u00abApleistos buhalterijos tvarkymas\u00bb<\/span><\/a><\/p>\n","protected":false},"author":1,"featured_media":0,"parent":29,"menu_order":0,"comment_status":"closed","ping_status":"closed","template":"","meta":[],"aioseo_notices":[],"_links":{"self":[{"href":"https:\/\/takose.lt\/ru\/wp-json\/wp\/v2\/pages\/257"}],"collection":[{"href":"https:\/\/takose.lt\/ru\/wp-json\/wp\/v2\/pages"}],"about":[{"href":"https:\/\/takose.lt\/ru\/wp-json\/wp\/v2\/types\/page"}],"author":[{"embeddable":true,"href":"https:\/\/takose.lt\/ru\/wp-json\/wp\/v2\/users\/1"}],"replies":[{"embeddable":true,"href":"https:\/\/takose.lt\/ru\/wp-json\/wp\/v2\/comments?post=257"}],"version-history":[{"count":5,"href":"https:\/\/takose.lt\/ru\/wp-json\/wp\/v2\/pages\/257\/revisions"}],"predecessor-version":[{"id":448,"href":"https:\/\/takose.lt\/ru\/wp-json\/wp\/v2\/pages\/257\/revisions\/448"}],"up":[{"embeddable":true,"href":"https:\/\/takose.lt\/ru\/wp-json\/wp\/v2\/pages\/29"}],"wp:attachment":[{"href":"https:\/\/takose.lt\/ru\/wp-json\/wp\/v2\/media?parent=257"}],"curies":[{"name":"wp","href":"https:\/\/api.w.org\/{rel}","templated":true}]}}