{"id":372,"date":"2025-05-25T20:08:08","date_gmt":"2025-05-25T17:08:08","guid":{"rendered":"https:\/\/takose.lt\/paslaugos\/buhalterine-apskaita-copy\/"},"modified":"2025-07-03T22:14:05","modified_gmt":"2025-07-03T19:14:05","slug":"imoniu-steigimas","status":"publish","type":"page","link":"https:\/\/takose.lt\/en\/paslaugos\/imoniu-steigimas\/","title":{"rendered":"\u012emoni\u0173 steigimas"},"content":{"rendered":"<h1 style=\"text-align: left;\">Verslo prad\u017eia ir \u012fmoni\u0173 steigimas<\/h1>\n<hr \/>\n<h3 data-start=\"223\" data-end=\"359\">Kiekvienas s\u0117kmingas verslas prasideda nuo tvirt\u0173 pamat\u0173. Tod\u0117l \u017eengiant pirmuosius \u017eingsnius svarbu ne tik gera id\u0117ja, bet ir teisingai pasirinkta \u012fmon\u0117s forma, tvarkingai sutvarkyti dokumentai bei ai\u0161kus veiklos planas. Mes padedame nuo pat prad\u017ei\u0173 \u2013 kad j\u016bs\u0173 verslas startuot\u0173 skland\u017eiai, u\u017etikrintai ir be r\u016bpes\u010di\u0173.<\/h3>\n<p>&nbsp;<\/p>\n<p data-start=\"537\" data-end=\"585\">Teikiame i\u0161samias paslaugas verslo k\u016brimo etape:<\/p>\n<ul style=\"list-style-type: circle;\" data-start=\"586\" data-end=\"1652\">\n<li data-start=\"586\" data-end=\"901\">\n<p data-start=\"588\" data-end=\"901\"><strong data-start=\"588\" data-end=\"608\">\u012emoni\u0173 steigimas<\/strong> \u2013 padedame \u012fkurti \u012fvairias juridines formas: ma\u017e\u0105j\u0105 bendrij\u0105 (MB), u\u017edar\u0105j\u0105 akcin\u0119 bendrov\u0119 (UAB), vie\u0161\u0105j\u0105 \u012fstaig\u0105 (V\u0161\u012e), individuali\u0105 \u012fmon\u0119 (I\u012e) ar registruoti individuali\u0105 veikl\u0105 pagal pa\u017eym\u0105. Konsultuojame, kuri forma geriausiai atitinka j\u016bs\u0173 veiklos pob\u016bd\u012f, tikslus ir mokes\u010di\u0173 l\u016bkes\u010dius.<\/p>\n<\/li>\n<li data-start=\"902\" data-end=\"1055\">\n<p data-start=\"904\" data-end=\"1055\"><strong data-start=\"904\" data-end=\"962\">\u012estat\u0173, steigimo sutar\u010di\u0173 ir kit\u0173 dokument\u0173 parengimas<\/strong> \u2013 paruo\u0161iame visus reikalingus dokumentus, reikalingus \u012fmon\u0117s registracijai Registr\u0173 centre.<\/p>\n<\/li>\n<li data-start=\"1056\" data-end=\"1210\">\n<p data-start=\"1058\" data-end=\"1210\"><strong data-start=\"1058\" data-end=\"1112\">Pagalba registruojant \u012fmon\u0117s buvein\u0119 ir pavadinim\u0105<\/strong> \u2013 pasir\u016bpiname adresu, tikriname ar j\u016bs\u0173 pasirinktas pavadinimas atitinka teisinius reikalavimus.<\/p>\n<\/li>\n<li data-start=\"1211\" data-end=\"1374\">\n<p data-start=\"1213\" data-end=\"1374\"><strong data-start=\"1213\" data-end=\"1259\">Registravimas VMI, \u201eSodroje\u201c, PVM mok\u0117toju<\/strong> \u2013 atliksime visus reikalingus veiklos registracijos veiksmus, kad j\u016bs\u0173 \u012fmon\u0117 gal\u0117t\u0173 veikti teis\u0117tai ir skland\u017eiai.<\/p>\n<\/li>\n<li data-start=\"1375\" data-end=\"1541\">\n<p data-start=\"1377\" data-end=\"1541\"><strong data-start=\"1377\" data-end=\"1437\">Konsultacijos d\u0117l verslo modelio ir mokes\u010di\u0173 pasirinkimo<\/strong> \u2013 patariame d\u0117l optimalios veiklos strukt\u016bros, mokestin\u0117s na\u0161tos bei ilgalaik\u0117s finansin\u0117s strategijos.<\/p>\n<\/li>\n<li data-start=\"1542\" data-end=\"1652\">\n<p data-start=\"1544\" data-end=\"1652\"><strong data-start=\"1544\" data-end=\"1587\">Pagalba atidarant banko s\u0105skait\u0105 \u012fmonei<\/strong> \u2013 konsultuojame, kok\u012f bank\u0105 pasirinkti, padedame su dokumentais.<\/p>\n<\/li>\n<\/ul>\n<p data-start=\"1654\" data-end=\"1955\">Verslo prad\u017eia \u2013 tai ne tik formalumai, bet ir strateginis planavimas. Tod\u0117l dirbame su jumis kaip patikimi partneriai, kad pad\u0117tume pasirinkti geriausius sprendimus nuo pirmos dienos. Leiskite mums pasir\u016bpinti biurokratija, kad gal\u0117tum\u0117te susitelkti \u012f tai, kas svarbiausia \u2013 savo id\u0117jos \u012fgyvendinim\u0105.<\/p>\n<h3 style=\"text-align: right;\"><a href=\"https:\/\/takose.lt\/kontaktai\/\"><button>Susisiekime<\/button><\/a><\/h3>\n","protected":false},"excerpt":{"rendered":"<p>Verslo prad\u017eia ir \u012fmoni\u0173 steigimas Kiekvienas s\u0117kmingas verslas prasideda nuo tvirt\u0173 pamat\u0173. Tod\u0117l \u017eengiant pirmuosius \u017eingsnius svarbu ne tik gera id\u0117ja, bet ir teisingai pasirinkta \u012fmon\u0117s forma, tvarkingai sutvarkyti dokumentai bei ai\u0161kus veiklos planas. Mes padedame nuo pat prad\u017ei\u0173 \u2013 kad j\u016bs\u0173 verslas startuot\u0173 skland\u017eiai, u\u017etikrintai ir be r\u016bpes\u010di\u0173. &nbsp; Teikiame i\u0161samias paslaugas verslo k\u016brimo &hellip; <\/p>\n<p class=\"link-more\"><a href=\"https:\/\/takose.lt\/en\/paslaugos\/imoniu-steigimas\/\" class=\"more-link\">Continue reading<span class=\"screen-reader-text\"> &#8220;\u012emoni\u0173 steigimas&#8221;<\/span><\/a><\/p>\n","protected":false},"author":1,"featured_media":0,"parent":29,"menu_order":0,"comment_status":"closed","ping_status":"closed","template":"","meta":[],"aioseo_notices":[],"_links":{"self":[{"href":"https:\/\/takose.lt\/en\/wp-json\/wp\/v2\/pages\/372"}],"collection":[{"href":"https:\/\/takose.lt\/en\/wp-json\/wp\/v2\/pages"}],"about":[{"href":"https:\/\/takose.lt\/en\/wp-json\/wp\/v2\/types\/page"}],"author":[{"embeddable":true,"href":"https:\/\/takose.lt\/en\/wp-json\/wp\/v2\/users\/1"}],"replies":[{"embeddable":true,"href":"https:\/\/takose.lt\/en\/wp-json\/wp\/v2\/comments?post=372"}],"version-history":[{"count":4,"href":"https:\/\/takose.lt\/en\/wp-json\/wp\/v2\/pages\/372\/revisions"}],"predecessor-version":[{"id":453,"href":"https:\/\/takose.lt\/en\/wp-json\/wp\/v2\/pages\/372\/revisions\/453"}],"up":[{"embeddable":true,"href":"https:\/\/takose.lt\/en\/wp-json\/wp\/v2\/pages\/29"}],"wp:attachment":[{"href":"https:\/\/takose.lt\/en\/wp-json\/wp\/v2\/media?parent=372"}],"curies":[{"name":"wp","href":"https:\/\/api.w.org\/{rel}","templated":true}]}}