{"id":36,"date":"2020-10-05T11:54:19","date_gmt":"2020-10-05T08:54:19","guid":{"rendered":"https:\/\/takose.lt\/?page_id=36"},"modified":"2025-06-02T14:49:56","modified_gmt":"2025-06-02T11:49:56","slug":"rekvizitai","status":"publish","type":"page","link":"https:\/\/takose.lt\/en\/rekvizitai\/","title":{"rendered":"Rekvizitai"},"content":{"rendered":"<h2>Tarptautinis konsultacij\u0173 servisas, UAB<\/h2>\n<hr \/>\n<p>\u012emon\u0117s kodas: 304066342<\/p>\n<p>Adresas: Pam\u0117nkalnio g. 25-4, 01113 Vilnius<\/p>\n<p>S\u0105skaitos numeris: LT627180300022467943<\/p>\n<h3 style=\"text-align: right;\"><a href=\"https:\/\/takose.lt\/apie-mus\/\"><button>Pla\u010diau apie mus<\/button><\/a><\/h3>\n","protected":false},"excerpt":{"rendered":"<p>Tarptautinis konsultacij\u0173 servisas, UAB \u012emon\u0117s kodas: 304066342 Adresas: Pam\u0117nkalnio g. 25-4, 01113 Vilnius S\u0105skaitos numeris: LT627180300022467943 Pla\u010diau apie mus<\/p>\n","protected":false},"author":1,"featured_media":0,"parent":0,"menu_order":0,"comment_status":"closed","ping_status":"open","template":"","meta":[],"aioseo_notices":[],"_links":{"self":[{"href":"https:\/\/takose.lt\/en\/wp-json\/wp\/v2\/pages\/36"}],"collection":[{"href":"https:\/\/takose.lt\/en\/wp-json\/wp\/v2\/pages"}],"about":[{"href":"https:\/\/takose.lt\/en\/wp-json\/wp\/v2\/types\/page"}],"author":[{"embeddable":true,"href":"https:\/\/takose.lt\/en\/wp-json\/wp\/v2\/users\/1"}],"replies":[{"embeddable":true,"href":"https:\/\/takose.lt\/en\/wp-json\/wp\/v2\/comments?post=36"}],"version-history":[{"count":11,"href":"https:\/\/takose.lt\/en\/wp-json\/wp\/v2\/pages\/36\/revisions"}],"predecessor-version":[{"id":416,"href":"https:\/\/takose.lt\/en\/wp-json\/wp\/v2\/pages\/36\/revisions\/416"}],"wp:attachment":[{"href":"https:\/\/takose.lt\/en\/wp-json\/wp\/v2\/media?parent=36"}],"curies":[{"name":"wp","href":"https:\/\/api.w.org\/{rel}","templated":true}]}}