{"id":3,"date":"2020-10-05T06:55:38","date_gmt":"2020-10-05T06:55:38","guid":{"rendered":"http:\/\/takose.lt\/?page_id=3"},"modified":"2025-05-26T21:37:23","modified_gmt":"2025-05-26T18:37:23","slug":"privatumo-politika","status":"publish","type":"page","link":"https:\/\/takose.lt\/en\/privatumo-politika\/","title":{"rendered":"Privatumo Politika"},"content":{"rendered":"<h3 style=\"text-align: left;\" data-start=\"686\" data-end=\"715\">1. Bendrosios nuostatos<\/h3>\n<p style=\"text-align: left;\" data-start=\"716\" data-end=\"926\">\u0160i privatumo politika paai\u0161kina, kaip Tarptautinis konsultacij\u0173 servisas, UAB\u00a0(toliau \u2013 Bendrov\u0117 arba mes) renka, naudoja ir saugo j\u016bs\u0173 asmens duomenis, kai naudojat\u0117s m\u016bs\u0173 svetaine ir u\u017epildote kontaktin\u0119 form\u0105.<\/p>\n<p style=\"text-align: left;\" data-start=\"928\" data-end=\"1121\">Bendrov\u0117 veikia kaip duomen\u0173 valdytojas, vadovaudamasi Bendruoju duomen\u0173 apsaugos reglamentu (ES) 2016\/679 (BDAR) bei Lietuvos Respublikos asmens duomen\u0173 teisin\u0117s apsaugos \u012fstatymu.<\/p>\n<hr data-start=\"1123\" data-end=\"1126\" \/>\n<h3 style=\"text-align: left;\" data-start=\"1128\" data-end=\"1161\">2. Kokius duomenis renkame?<\/h3>\n<p style=\"text-align: left;\" data-start=\"1162\" data-end=\"1223\">Per kontaktin\u0119 form\u0105 renkame \u0161iuos j\u016bs\u0173 pateiktus duomenis:<\/p>\n<ul style=\"list-style-type: circle; text-align: left;\" data-start=\"1224\" data-end=\"1277\">\n<li data-start=\"1224\" data-end=\"1234\">\n<p data-start=\"1226\" data-end=\"1234\">Vardas<\/p>\n<\/li>\n<li data-start=\"1235\" data-end=\"1255\">\n<p data-start=\"1237\" data-end=\"1255\">Telefono numeris<\/p>\n<\/li>\n<li data-start=\"1256\" data-end=\"1277\">\n<p data-start=\"1258\" data-end=\"1277\">El. pa\u0161to adresas<\/p>\n<\/li>\n<\/ul>\n<p style=\"text-align: left;\" data-start=\"1279\" data-end=\"1350\">\u0160ie duomenys yra pateikiami savanori\u0161kai, siekiant susisiekti su mumis.<\/p>\n<hr data-start=\"1352\" data-end=\"1355\" \/>\n<h3 style=\"text-align: left;\" data-start=\"1357\" data-end=\"1403\">3. Duomen\u0173 tvarkymo tikslas ir pagrindas<\/h3>\n<p style=\"text-align: left;\" data-start=\"1404\" data-end=\"1448\">J\u016bs\u0173 duomenis tvarkome tik \u0161iais tikslais:<\/p>\n<ul style=\"list-style-type: circle; text-align: left;\" data-start=\"1449\" data-end=\"1530\">\n<li data-start=\"1449\" data-end=\"1479\">\n<p data-start=\"1451\" data-end=\"1479\">Atsakyti \u012f j\u016bs\u0173 u\u017eklausas,<\/p>\n<\/li>\n<li data-start=\"1480\" data-end=\"1530\">\n<p data-start=\"1482\" data-end=\"1530\">Palaikyti ry\u0161\u012f verslo ar informavimo tikslais.<\/p>\n<\/li>\n<\/ul>\n<p style=\"text-align: left;\" data-start=\"1532\" data-end=\"1600\">Teisinis pagrindas: J\u016bs\u0173 sutikimas (BDAR 6 str. 1 d. a punktas).<\/p>\n<hr data-start=\"1602\" data-end=\"1605\" \/>\n<h3 style=\"text-align: left;\" data-start=\"1607\" data-end=\"1634\">4. Duomen\u0173 saugojimas<\/h3>\n<p style=\"text-align: left;\" data-start=\"1635\" data-end=\"1822\">J\u016bs\u0173 pateikti asmens duomenys saugomi tik el. pa\u0161tu ir saugomi ne ilgiau kaip 3 m\u0117nesius nuo j\u0173 gavimo dienos, i\u0161skyrus atvejus, kai b\u016btina juos i\u0161saugoti d\u0117l teisini\u0173 \u012fsipareigojim\u0173.<\/p>\n<hr data-start=\"1824\" data-end=\"1827\" \/>\n<h3 style=\"text-align: left;\" data-start=\"1829\" data-end=\"1853\">5. Duomen\u0173 prieiga<\/h3>\n<p style=\"text-align: left;\" data-start=\"1854\" data-end=\"1891\">Prieig\u0105 prie j\u016bs\u0173 duomen\u0173 turi tik:<\/p>\n<ul style=\"text-align: left;\" data-start=\"1892\" data-end=\"1952\">\n<li data-start=\"1892\" data-end=\"1922\">\n<p data-start=\"1894\" data-end=\"1922\">\u012emon\u0117s savininkas (-ai)<\/p>\n<\/li>\n<\/ul>\n<p style=\"text-align: left;\" data-start=\"1954\" data-end=\"2038\">Duomenys n\u0117ra perduodami jokiems tre\u010diosioms \u0161alims ar duomen\u0173 tvarkytojams.<\/p>\n<hr data-start=\"2040\" data-end=\"2043\" \/>\n<h3 style=\"text-align: left;\" data-start=\"2045\" data-end=\"2065\">6. J\u016bs\u0173 teis\u0117s<\/h3>\n<p style=\"text-align: left;\" data-start=\"2066\" data-end=\"2103\">Pagal BDAR, j\u016bs turite \u0161ias teises:<\/p>\n<ul style=\"text-align: left;\" data-start=\"2104\" data-end=\"2379\">\n<li data-start=\"2104\" data-end=\"2156\">\n<p data-start=\"2106\" data-end=\"2156\">Teis\u0117 susipa\u017einti su savo asmens duomenimis,<\/p>\n<\/li>\n<li data-start=\"2157\" data-end=\"2197\">\n<p data-start=\"2159\" data-end=\"2197\">Teis\u0117 reikalauti juos i\u0161taisyti,<\/p>\n<\/li>\n<li data-start=\"2198\" data-end=\"2235\">\n<p data-start=\"2200\" data-end=\"2235\">Teis\u0117 reikalauti j\u0173 i\u0161trinti,<\/p>\n<\/li>\n<li data-start=\"2236\" data-end=\"2276\">\n<p data-start=\"2238\" data-end=\"2276\">Teis\u0117 apriboti duomen\u0173 tvarkym\u0105,<\/p>\n<\/li>\n<li data-start=\"2277\" data-end=\"2309\">\n<p data-start=\"2279\" data-end=\"2309\">Teis\u0117 at\u0161aukti sutikim\u0105,<\/p>\n<\/li>\n<li data-start=\"2310\" data-end=\"2379\">\n<p data-start=\"2312\" data-end=\"2379\">Teis\u0117 pateikti skund\u0105 Valstybinei duomen\u0173 apsaugos inspekcijai.<\/p>\n<\/li>\n<\/ul>\n<p style=\"text-align: left;\" data-start=\"2381\" data-end=\"2464\">Nor\u0117dami pasinaudoti savo teis\u0117mis, susisiekite su mumis el. pa\u0161tu nurodytu \u017eemiau.<\/p>\n<hr data-start=\"2466\" data-end=\"2469\" \/>\n<h3 style=\"text-align: left;\" data-start=\"2471\" data-end=\"2500\">7. Saugumo u\u017etikrinimas<\/h3>\n<p style=\"text-align: left;\" data-start=\"2501\" data-end=\"2639\">Imam\u0117s vis\u0173 pagr\u012fst\u0173 technini\u0173 ir organizacini\u0173 priemoni\u0173 siekiant apsaugoti j\u016bs\u0173 duomenis nuo praradimo, neteis\u0117to naudojimo ar prieigos.<\/p>\n<hr data-start=\"2641\" data-end=\"2644\" \/>\n<h3 style=\"text-align: left;\" data-start=\"2646\" data-end=\"2664\">8. Kontaktai<\/h3>\n<p style=\"text-align: left;\" data-start=\"2665\" data-end=\"2867\">Jeigu turite klausim\u0173 d\u0117l \u0161ios privatumo politikos ar norite pasinaudoti savo teis\u0117mis, kreipkit\u0117s \u012f:<br data-start=\"2766\" data-end=\"2769\" \/>\ud83d\udce7 info@takose.lt<br data-start=\"2800\" data-end=\"2803\" \/>\ud83c\udfe2 Tarptautinis konsultacij\u0173 servisas, UAB | <span id=\"ccode\">304066342<\/span> | Guri\u0173 Sod\u0173 33-ioji g. 18, LT-11316 Vilnius<\/p>\n<hr data-start=\"2869\" data-end=\"2872\" \/>\n<h3 style=\"text-align: left;\" data-start=\"2874\" data-end=\"2905\">9. Politikos atnaujinimai<\/h3>\n<p style=\"text-align: left;\" data-start=\"2906\" data-end=\"3048\">\u0160i privatumo politika gali b\u016bti atnaujinama, siekiant u\u017etikrinti atitikt\u012f teis\u0117s aktams. Naujausia versija visada pateikiama \u0161ioje svetain\u0117je.<\/p>\n","protected":false},"excerpt":{"rendered":"<p>1. Bendrosios nuostatos \u0160i privatumo politika paai\u0161kina, kaip Tarptautinis konsultacij\u0173 servisas, UAB\u00a0(toliau \u2013 Bendrov\u0117 arba mes) renka, naudoja ir saugo j\u016bs\u0173 asmens duomenis, kai naudojat\u0117s m\u016bs\u0173 svetaine ir u\u017epildote kontaktin\u0119 form\u0105. Bendrov\u0117 veikia kaip duomen\u0173 valdytojas, vadovaudamasi Bendruoju duomen\u0173 apsaugos reglamentu (ES) 2016\/679 (BDAR) bei Lietuvos Respublikos asmens duomen\u0173 teisin\u0117s apsaugos \u012fstatymu. 2. Kokius duomenis &hellip; <\/p>\n<p class=\"link-more\"><a href=\"https:\/\/takose.lt\/en\/privatumo-politika\/\" class=\"more-link\">Continue reading<span class=\"screen-reader-text\"> &#8220;Privatumo Politika&#8221;<\/span><\/a><\/p>\n","protected":false},"author":1,"featured_media":0,"parent":0,"menu_order":0,"comment_status":"closed","ping_status":"open","template":"","meta":[],"aioseo_notices":[],"_links":{"self":[{"href":"https:\/\/takose.lt\/en\/wp-json\/wp\/v2\/pages\/3"}],"collection":[{"href":"https:\/\/takose.lt\/en\/wp-json\/wp\/v2\/pages"}],"about":[{"href":"https:\/\/takose.lt\/en\/wp-json\/wp\/v2\/types\/page"}],"author":[{"embeddable":true,"href":"https:\/\/takose.lt\/en\/wp-json\/wp\/v2\/users\/1"}],"replies":[{"embeddable":true,"href":"https:\/\/takose.lt\/en\/wp-json\/wp\/v2\/comments?post=3"}],"version-history":[{"count":3,"href":"https:\/\/takose.lt\/en\/wp-json\/wp\/v2\/pages\/3\/revisions"}],"predecessor-version":[{"id":400,"href":"https:\/\/takose.lt\/en\/wp-json\/wp\/v2\/pages\/3\/revisions\/400"}],"wp:attachment":[{"href":"https:\/\/takose.lt\/en\/wp-json\/wp\/v2\/media?parent=3"}],"curies":[{"name":"wp","href":"https:\/\/api.w.org\/{rel}","templated":true}]}}