{"id":29,"date":"2020-10-05T11:45:54","date_gmt":"2020-10-05T08:45:54","guid":{"rendered":"https:\/\/takose.lt\/?page_id=29"},"modified":"2025-07-03T22:06:52","modified_gmt":"2025-07-03T19:06:52","slug":"paslaugos","status":"publish","type":"page","link":"https:\/\/takose.lt\/en\/","title":{"rendered":"Paslaugos"},"content":{"rendered":"<h2>Teikiame tik kokybi\u0161kas buhalterin\u0117s apskaitos paslaugas<\/h2>\n<hr \/>\n<h3>Jau daugiau nei 20 met\u0173 padedame verslui augti ir klest\u0117ti \u2013 ramiai, u\u017etikrintai ir be streso. Su moteri\u0161ku kruop\u0161tumu, atsakomybe ir \u0161iluma pasir\u016bpiname kiekviena smulkmena j\u016bs\u0173 finansuose. Esame ne tik buhalter\u0117s \u2013 esame j\u016bs\u0173 verslo partner\u0117s, kurian\u010dios ai\u0161kum\u0105, tvark\u0105 ir pasitik\u0117jim\u0105.<\/h3>\n<p>&nbsp;<\/p>\n<p data-start=\"225\" data-end=\"343\">Atliekame visas buhalterines ir finansines paslaugas \u2013 nuo pirm\u0173j\u0173 verslo \u017eingsni\u0173 iki sud\u0117ting\u0173 finansini\u0173 sprendim\u0173:<\/p>\n<h4 data-start=\"345\" data-end=\"368\"><a href=\"https:\/\/takose.lt\/paslaugos\/imoniu-steigimas\"><strong data-start=\"350\" data-end=\"368\">Verslo prad\u017eia<\/strong><\/a><\/h4>\n<ul style=\"list-style-type: circle;\">\n<li data-start=\"371\" data-end=\"541\">\u012emoni\u0173 steigimas: ma\u017eosios bendrijos (MB), u\u017edarosios akcin\u0117s bendrov\u0117s (UAB), vie\u0161osios \u012fstaigos (V\u0161\u012e), individualios \u012fmon\u0117s (I\u012e), individuali veikla pagal pa\u017eym\u0105 ir kt.<\/li>\n<li data-start=\"544\" data-end=\"579\">Veiklos prad\u017eios dokument\u0173 rengimas<\/li>\n<li data-start=\"582\" data-end=\"642\">Konsultacijos d\u0117l tinkamiausios juridin\u0117s formos pasirinkimo<\/li>\n<\/ul>\n<h4 data-start=\"644\" data-end=\"679\"><a style=\"text-decoration: none;\" href=\"https:\/\/takose.lt\/paslaugos\/buhalterine-apskaita\/\"><strong data-start=\"649\" data-end=\"679\">Pilna buhalterin\u0117 apskaita<\/strong><\/a><\/h4>\n<ul style=\"list-style-type: circle;\">\n<li data-start=\"682\" data-end=\"711\">Apskaitos vedimas nuo A iki Z<\/li>\n<li data-start=\"714\" data-end=\"743\">Pirkim\u0173 ir pardavim\u0173 apskaita<\/li>\n<li data-start=\"746\" data-end=\"792\">Banko, kasos ir avanso dokument\u0173 registravimas<\/li>\n<li data-start=\"795\" data-end=\"820\">Ilgalaikio turto apskaita<\/li>\n<li data-start=\"823\" data-end=\"837\">Skol\u0173 apskaita<\/li>\n<li data-start=\"840\" data-end=\"909\">Darbo u\u017emokes\u010dio, atostogini\u0173 ir kit\u0173 i\u0161mok\u0173 skai\u010diavimas ir apskaita<\/li>\n<li data-start=\"912\" data-end=\"973\">Personalo apskaita (darbo sutartys, \u012fsakymai, pa\u017eymos ir kt.)<\/li>\n<li data-start=\"976\" data-end=\"1100\">Deklaracij\u0173 rengimas ir teikimas <a href=\"https:\/\/www.vmi.lt\/evmi\/\">VMI<\/a>, <a href=\"https:\/\/www.sodra.lt\/\">Sodrai<\/a>, <a href=\"https:\/\/www.registrucentras.lt\/\">Registr\u0173 centrui<\/a>, Aplinkos ministerijai, Statistikos departamentui, muitinei<\/li>\n<\/ul>\n<h4 data-start=\"1102\" data-end=\"1135\"><strong data-start=\"1107\" data-end=\"1135\">Specializuotos paslaugos<\/strong><\/h4>\n<ul style=\"list-style-type: circle;\">\n<li data-start=\"1138\" data-end=\"1170\"><a href=\"https:\/\/takose.lt\/paslaugos\/apleistos-buhalterijos-tvarkymas\/\">Apleistos buhalterijos tvarkymas<\/a><\/li>\n<li data-start=\"1173\" data-end=\"1210\">Gyventoj\u0173 pajam\u0173 deklaracij\u0173 pildymas<\/li>\n<li data-start=\"1213\" data-end=\"1237\">GPAIS ataskait\u0173 rengimas<\/li>\n<li data-start=\"1240\" data-end=\"1281\">Intrastato ir muitin\u0117s ataskait\u0173 pildymas<\/li>\n<li data-start=\"1284\" data-end=\"1312\">Mok\u0117jimo pavedim\u0173 paruo\u0161imas<\/li>\n<\/ul>\n<h4 data-start=\"1314\" data-end=\"1352\"><strong data-start=\"1319\" data-end=\"1352\">Ataskaitos ir finans\u0173 analiz\u0117<\/strong><\/h4>\n<ul style=\"list-style-type: circle;\">\n<li data-start=\"1355\" data-end=\"1411\">Finansini\u0173 ataskait\u0173 (balanso, pelno\/nuostolio) rengimas<\/li>\n<li data-start=\"1414\" data-end=\"1443\">Metin\u0117 finansin\u0117 atskaitomyb\u0117<\/li>\n<li data-start=\"1446\" data-end=\"1478\">Vadovybin\u0117s (vidin\u0117s) ataskaitos<\/li>\n<li data-start=\"1481\" data-end=\"1527\">Finansini\u0173 prognozi\u0173 ir verslo plan\u0173 sudarymas<\/li>\n<\/ul>\n<h4 data-start=\"1529\" data-end=\"1567\"><a href=\"https:\/\/takose.lt\/paslaugos\/finansu-valdymo-konsultacijos\/\"><strong data-start=\"1534\" data-end=\"1567\">Konsultacijos ir atstovavimas<\/strong><\/a><\/h4>\n<ul style=\"list-style-type: circle;\">\n<li data-start=\"1570\" data-end=\"1627\">Mokes\u010di\u0173, apskaitos, darbo teis\u0117s ir verslo konsultacijos<\/li>\n<li data-start=\"1630\" data-end=\"1699\">Atstovavimas VMI, \u201eSodroje\u201c, Registr\u0173 centre bei kitose institucijose<\/li>\n<li data-start=\"1702\" data-end=\"1735\">Atstovavimas klientui audito metu<\/li>\n<li data-start=\"1738\" data-end=\"1784\">Audito organizavimas ir pasiruo\u0161imas patikroms<\/li>\n<\/ul>\n<h4 data-start=\"1786\" data-end=\"1817\"><strong data-start=\"1791\" data-end=\"1817\">Tarptautin\u0117s paslaugos<\/strong><\/h4>\n<ul style=\"list-style-type: circle;\">\n<li data-start=\"1820\" data-end=\"1870\">PVM registracija Lietuvoje ir kitose ES valstyb\u0117se<\/li>\n<li data-start=\"1873\" data-end=\"1933\">OSS ir IOSS registravimas bei apskaita (nuotolinei prekybai)<\/li>\n<\/ul>\n<h4 data-start=\"2072\" data-end=\"2112\"><strong data-start=\"2077\" data-end=\"2112\">Restrukt\u016brizavimas ir bankrotas<\/strong><\/h4>\n<ul style=\"list-style-type: circle;\">\n<li data-start=\"2115\" data-end=\"2158\">Bankroto ir restrukt\u016brizavimo konsultacijos<\/li>\n<li data-start=\"2161\" data-end=\"2211\">Dokumentacijos paruo\u0161imas bankroto administravimui<\/li>\n<\/ul>\n<h4 data-start=\"2072\" data-end=\"2112\"><a href=\"https:\/\/takose.lt\/paslaugos\/auditas\/\">Auditas<\/a><\/h4>\n<ul style=\"list-style-type: circle;\">\n<li data-start=\"136\" data-end=\"182\">Finansini\u0173 ataskait\u0173 ir apskaitos tikrinimas<\/li>\n<li data-start=\"185\" data-end=\"224\">Neatitikim\u0173 ir klaid\u0173 identifikavimas<\/li>\n<li data-start=\"227\" data-end=\"271\">Rekomendacijos apskaitos kokyb\u0117s gerinimui<\/li>\n<li data-start=\"274\" data-end=\"319\">Dokument\u0173 paruo\u0161imas auditui ir tikrinimams<\/li>\n<li data-start=\"322\" data-end=\"378\">Atstovavimas VMI, Sodros ir kit\u0173 institucij\u0173 audituose<\/li>\n<li data-start=\"381\" data-end=\"422\">Rizik\u0173 analiz\u0117 ir atitikties vertinimas<\/li>\n<li data-start=\"425\" data-end=\"475\">Pagalba ruo\u0161iantis vidiniam ar i\u0161oriniam auditui<\/li>\n<\/ul>\n<h3 style=\"text-align: right;\"><a href=\"https:\/\/takose.lt\/kontaktai\/\"><button>Susisiekime<\/button><\/a><\/h3>\n","protected":false},"excerpt":{"rendered":"<p>Teikiame tik kokybi\u0161kas buhalterin\u0117s apskaitos paslaugas Jau daugiau nei 20 met\u0173 padedame verslui augti ir klest\u0117ti \u2013 ramiai, u\u017etikrintai ir be streso. Su moteri\u0161ku kruop\u0161tumu, atsakomybe ir \u0161iluma pasir\u016bpiname kiekviena smulkmena j\u016bs\u0173 finansuose. Esame ne tik buhalter\u0117s \u2013 esame j\u016bs\u0173 verslo partner\u0117s, kurian\u010dios ai\u0161kum\u0105, tvark\u0105 ir pasitik\u0117jim\u0105. &nbsp; Atliekame visas buhalterines ir finansines paslaugas \u2013 &hellip; <\/p>\n<p class=\"link-more\"><a href=\"https:\/\/takose.lt\/en\/\" class=\"more-link\">Continue reading<span class=\"screen-reader-text\"> &#8220;Paslaugos&#8221;<\/span><\/a><\/p>\n","protected":false},"author":1,"featured_media":0,"parent":0,"menu_order":0,"comment_status":"closed","ping_status":"closed","template":"","meta":[],"aioseo_notices":[],"_links":{"self":[{"href":"https:\/\/takose.lt\/en\/wp-json\/wp\/v2\/pages\/29"}],"collection":[{"href":"https:\/\/takose.lt\/en\/wp-json\/wp\/v2\/pages"}],"about":[{"href":"https:\/\/takose.lt\/en\/wp-json\/wp\/v2\/types\/page"}],"author":[{"embeddable":true,"href":"https:\/\/takose.lt\/en\/wp-json\/wp\/v2\/users\/1"}],"replies":[{"embeddable":true,"href":"https:\/\/takose.lt\/en\/wp-json\/wp\/v2\/comments?post=29"}],"version-history":[{"count":20,"href":"https:\/\/takose.lt\/en\/wp-json\/wp\/v2\/pages\/29\/revisions"}],"predecessor-version":[{"id":445,"href":"https:\/\/takose.lt\/en\/wp-json\/wp\/v2\/pages\/29\/revisions\/445"}],"wp:attachment":[{"href":"https:\/\/takose.lt\/en\/wp-json\/wp\/v2\/media?parent=29"}],"curies":[{"name":"wp","href":"https:\/\/api.w.org\/{rel}","templated":true}]}}