{"id":246,"date":"2020-11-03T15:01:21","date_gmt":"2020-11-03T13:01:21","guid":{"rendered":"https:\/\/takose.lt\/paslaugos\/buhalterine-apskaita-copy\/"},"modified":"2025-07-03T22:13:51","modified_gmt":"2025-07-03T19:13:51","slug":"buhalterio-nuoma","status":"publish","type":"page","link":"https:\/\/takose.lt\/en\/paslaugos\/buhalterio-nuoma\/","title":{"rendered":"Buhalterio nuoma"},"content":{"rendered":"<h2>Teikiame tik kokybi\u0161kas buhalterio nuomos paslaugas<\/h2>\n<hr \/>\n<h3>Siekdami taupyti J\u016bs\u0173 laik\u0105 ir pinigus, galime pasi\u016blyti i\u0161sinuomoti buhalter\u012f su vis\u0105 reikiama darbui \u012franga. Jis sutartomis dienomis atvyks pas Jus \u012f biur\u0105 tvarkyti \u012fmon\u0117s finansini\u0173 dokument\u0173 bei konsultuos \u012fvairiais finans\u0173 valdymo ir apskaitos klausimais. Kadangi Jums nereik\u0117s pirkti jokios biuro \u012frangos, ve\u017eti dokument\u0173 pas mus ar sudaryti darbo sutarties, patirsite ma\u017eiau i\u0161laid\u0173 ir laim\u0117site laiko.<\/h3>\n<p>&nbsp;<\/p>\n<ul style=\"list-style-type: circle;\">\n<li data-start=\"612\" data-end=\"694\">\n<p data-start=\"614\" data-end=\"694\">Kelias dienas per savait\u0119 buhalteris vis\u0105 d\u0117mes\u012f skiria tik J\u016bs\u0173 \u012fmonei<\/p>\n<\/li>\n<li data-start=\"695\" data-end=\"793\">\n<p data-start=\"697\" data-end=\"793\">Dokumentai visada lieka J\u016bs\u0173 biure<\/p>\n<\/li>\n<li data-start=\"794\" data-end=\"907\">\n<p data-start=\"796\" data-end=\"907\">Nereikia sudaryti darbo sutarties su buhalteriu<\/p>\n<\/li>\n<li data-start=\"908\" data-end=\"978\">\n<p data-start=\"910\" data-end=\"978\">Nereikia pirkti buhalterin\u0117s apskaitos programin\u0117s \u012frangos<\/p>\n<\/li>\n<li data-start=\"979\" data-end=\"1062\">\n<p data-start=\"981\" data-end=\"1062\">Nereikia pirkti kompiuterin\u0117s biuro \u012frangos<\/p>\n<\/li>\n<\/ul>\n<h3 style=\"text-align: right;\"><a href=\"https:\/\/takose.lt\/kontaktai\/\"><button>Susisiekime<\/button><\/a><\/h3>\n","protected":false},"excerpt":{"rendered":"<p>Teikiame tik kokybi\u0161kas buhalterio nuomos paslaugas Siekdami taupyti J\u016bs\u0173 laik\u0105 ir pinigus, galime pasi\u016blyti i\u0161sinuomoti buhalter\u012f su vis\u0105 reikiama darbui \u012franga. Jis sutartomis dienomis atvyks pas Jus \u012f biur\u0105 tvarkyti \u012fmon\u0117s finansini\u0173 dokument\u0173 bei konsultuos \u012fvairiais finans\u0173 valdymo ir apskaitos klausimais. Kadangi Jums nereik\u0117s pirkti jokios biuro \u012frangos, ve\u017eti dokument\u0173 pas mus ar sudaryti darbo &hellip; <\/p>\n<p class=\"link-more\"><a href=\"https:\/\/takose.lt\/en\/paslaugos\/buhalterio-nuoma\/\" class=\"more-link\">Continue reading<span class=\"screen-reader-text\"> &#8220;Buhalterio nuoma&#8221;<\/span><\/a><\/p>\n","protected":false},"author":1,"featured_media":0,"parent":29,"menu_order":0,"comment_status":"closed","ping_status":"closed","template":"","meta":[],"aioseo_notices":[],"_links":{"self":[{"href":"https:\/\/takose.lt\/en\/wp-json\/wp\/v2\/pages\/246"}],"collection":[{"href":"https:\/\/takose.lt\/en\/wp-json\/wp\/v2\/pages"}],"about":[{"href":"https:\/\/takose.lt\/en\/wp-json\/wp\/v2\/types\/page"}],"author":[{"embeddable":true,"href":"https:\/\/takose.lt\/en\/wp-json\/wp\/v2\/users\/1"}],"replies":[{"embeddable":true,"href":"https:\/\/takose.lt\/en\/wp-json\/wp\/v2\/comments?post=246"}],"version-history":[{"count":9,"href":"https:\/\/takose.lt\/en\/wp-json\/wp\/v2\/pages\/246\/revisions"}],"predecessor-version":[{"id":451,"href":"https:\/\/takose.lt\/en\/wp-json\/wp\/v2\/pages\/246\/revisions\/451"}],"up":[{"embeddable":true,"href":"https:\/\/takose.lt\/en\/wp-json\/wp\/v2\/pages\/29"}],"wp:attachment":[{"href":"https:\/\/takose.lt\/en\/wp-json\/wp\/v2\/media?parent=246"}],"curies":[{"name":"wp","href":"https:\/\/api.w.org\/{rel}","templated":true}]}}